{"id":21845,"date":"2025-07-29T06:05:28","date_gmt":"2025-07-29T06:05:28","guid":{"rendered":"https:\/\/mup-project.com\/?page_id=21845"},"modified":"2025-08-12T21:45:44","modified_gmt":"2025-08-12T21:45:44","slug":"about-siera-alliance","status":"publish","type":"page","link":"https:\/\/mup-project.com\/en\/about-siera-alliance\/","title":{"rendered":"SIERA Alliance"},"content":{"rendered":"<div data-elementor-type=\"wp-page\" data-elementor-id=\"21845\" class=\"elementor elementor-21845\" data-elementor-post-type=\"page\">\n\t\t\t\t<div class=\"elementor-element elementor-element-34ba429 e-con-full e-flex e-con e-parent\" data-id=\"34ba429\" data-element_type=\"container\">\n\t\t<div class=\"elementor-element elementor-element-560a87d e-con-full e-flex e-con e-child\" data-id=\"560a87d\" data-element_type=\"container\">\n\t\t\t\t<div class=\"elementor-element elementor-element-8c7f8dd section-title elementor-invisible elementor-widget elementor-widget-wd_text_block\" data-id=\"8c7f8dd\" data-element_type=\"widget\" data-settings=\"{&quot;_animation&quot;:&quot;fadeInUp&quot;}\" data-widget_type=\"wd_text_block.default\">\n\t\t\t\t<div class=\"elementor-widget-container\">\n\t\t\t\t\t\t\t\t<link rel=\"stylesheet\" id=\"wd-text-block-css\" href=\"https:\/\/mup-project.com\/wp-content\/themes\/woodmart\/css\/parts\/el-text-block.min.css?ver=6.2.1\" type=\"text\/css\" media=\"all\" \/> \t\t\t\t\t<div class=\"wd-text-block reset-last-child text-left\">\n\t\t\t\n\t\t\t<h2 style=\"color: #38344d; text-align: center;\" class=\"translation-block\"><span class=\"boxfirst boxnormal\">Ab<\/span>out SIERA <span class=\"color-primary\">Alliance<\/span><\/h2>\n\t\t\t\t\t<\/div>\n\t\t\t\t\t\t<\/div>\n\t\t\t\t<\/div>\n\t\t\t\t<div class=\"elementor-element elementor-element-d3b08a1 color-scheme-inherit text-left elementor-widget elementor-widget-text-editor\" data-id=\"d3b08a1\" data-element_type=\"widget\" data-widget_type=\"text-editor.default\">\n\t\t\t\t<div class=\"elementor-widget-container\">\n\t\t\t\t\t\t\t\t\t<p><strong>SIERA Alliance<\/strong> is a group of companies specializing in environmental engineering, dedicated to addressing global challenges through sustainable solutions, innovative technology, and impactful projects.<br \/><br>\nOur experts design, implement, and manage projects that create lasting, positive change. We offer a wide range of services, addressing three critical global challenges: climate change, ecological degradation, and socio-economic inequality.<\/p><p>Our environmental engineers identify the challenges, recognize the opportunities, and deliver sustainable solutions. It\u2019s not just about finding solutions; it\u2019s about rectifying the problems of the past\u2014fixing what\u2019s broken, renewing what\u2019s been lost, and restoring ecosystems to their natural balance.<\/p><p>Through innovative engineering, advanced technology, and impactful projects, we are committed to helping clients build a better, more sustainable future with our engineering services.<\/p>\t\t\t\t\t\t\t\t<\/div>\n\t\t\t\t<\/div>\n\t\t\t\t<div class=\"elementor-element elementor-element-33566ad elementor-widget elementor-widget-button\" data-id=\"33566ad\" data-element_type=\"widget\" data-widget_type=\"button.default\">\n\t\t\t\t<div class=\"elementor-widget-container\">\n\t\t\t\t\t\t\t\t\t<div class=\"elementor-button-wrapper\">\n\t\t\t\t\t<a class=\"elementor-button elementor-button-link elementor-size-sm\" href=\"https:\/\/siera-alliance.com\/\">\n\t\t\t\t\t\t<span class=\"elementor-button-content-wrapper\">\n\t\t\t\t\t\t<span class=\"elementor-button-icon\">\n\t\t\t\t<i aria-hidden=\"true\" class=\"fas fa-external-link-alt\"><\/i>\t\t\t<\/span>\n\t\t\t\t\t\t\t\t\t<span class=\"elementor-button-text\">Learn more<\/span>\n\t\t\t\t\t<\/span>\n\t\t\t\t\t<\/a>\n\t\t\t\t<\/div>\n\t\t\t\t\t\t\t\t<\/div>\n\t\t\t\t<\/div>\n\t\t\t\t<\/div>\n\t\t<div class=\"elementor-element elementor-element-50471f6 e-con-full e-flex e-con e-child\" data-id=\"50471f6\" data-element_type=\"container\">\n\t\t\t\t<div class=\"elementor-element elementor-element-9731a3e elementor-widget__width-initial elementor-widget elementor-widget-image\" data-id=\"9731a3e\" data-element_type=\"widget\" data-widget_type=\"image.default\">\n\t\t\t\t<div class=\"elementor-widget-container\">\n\t\t\t\t\t\t\t\t\t\t\t\t\t\t\t<img fetchpriority=\"high\" decoding=\"async\" width=\"1024\" height=\"492\" src=\"https:\/\/mup-project.com\/wp-content\/uploads\/2025\/07\/Corporate-Sustainability-Blog-Posts-1-1024x492.webp\" class=\"attachment-large size-large wp-image-21848\" alt=\"\" srcset=\"https:\/\/mup-project.com\/wp-content\/uploads\/2025\/07\/Corporate-Sustainability-Blog-Posts-1-1024x492.webp 1024w, https:\/\/mup-project.com\/wp-content\/uploads\/2025\/07\/Corporate-Sustainability-Blog-Posts-1-300x144.webp 300w, https:\/\/mup-project.com\/wp-content\/uploads\/2025\/07\/Corporate-Sustainability-Blog-Posts-1-768x369.webp 768w, https:\/\/mup-project.com\/wp-content\/uploads\/2025\/07\/Corporate-Sustainability-Blog-Posts-1-18x9.webp 18w, https:\/\/mup-project.com\/wp-content\/uploads\/2025\/07\/Corporate-Sustainability-Blog-Posts-1.webp 1250w\" sizes=\"(max-width: 1024px) 100vw, 1024px\" \/>\t\t\t\t\t\t\t\t\t\t\t\t\t\t\t<\/div>\n\t\t\t\t<\/div>\n\t\t\t\t<div class=\"elementor-element elementor-element-8a76069 elementor-widget__width-initial elementor-absolute elementor-widget elementor-widget-image\" data-id=\"8a76069\" data-element_type=\"widget\" data-settings=\"{&quot;_position&quot;:&quot;absolute&quot;}\" data-widget_type=\"image.default\">\n\t\t\t\t<div class=\"elementor-widget-container\">\n\t\t\t\t\t\t\t\t\t\t\t\t\t\t\t<img decoding=\"async\" width=\"1024\" height=\"683\" src=\"https:\/\/mup-project.com\/wp-content\/uploads\/2025\/07\/realistic-water-drop-with-ecosystem-scaled-1-1024x683.jpg\" class=\"attachment-large size-large wp-image-21849\" alt=\"\" srcset=\"https:\/\/mup-project.com\/wp-content\/uploads\/2025\/07\/realistic-water-drop-with-ecosystem-scaled-1-1024x683.jpg 1024w, https:\/\/mup-project.com\/wp-content\/uploads\/2025\/07\/realistic-water-drop-with-ecosystem-scaled-1-300x200.jpg 300w, https:\/\/mup-project.com\/wp-content\/uploads\/2025\/07\/realistic-water-drop-with-ecosystem-scaled-1-768x512.jpg 768w, https:\/\/mup-project.com\/wp-content\/uploads\/2025\/07\/realistic-water-drop-with-ecosystem-scaled-1-18x12.jpg 18w, https:\/\/mup-project.com\/wp-content\/uploads\/2025\/07\/realistic-water-drop-with-ecosystem-scaled-1.jpg 1350w\" sizes=\"(max-width: 1024px) 100vw, 1024px\" \/>\t\t\t\t\t\t\t\t\t\t\t\t\t\t\t<\/div>\n\t\t\t\t<\/div>\n\t\t\t\t<\/div>\n\t\t\t\t<\/div>\n\t\t<div class=\"elementor-element elementor-element-bfb200c e-con-full e-flex e-con e-parent\" data-id=\"bfb200c\" data-element_type=\"container\">\n\t\t\t\t<div class=\"elementor-element elementor-element-a1e9641 elementor-widget elementor-widget-heading\" data-id=\"a1e9641\" data-element_type=\"widget\" data-widget_type=\"heading.default\">\n\t\t\t\t<div class=\"elementor-widget-container\">\n\t\t\t\t\t<h3 class=\"elementor-heading-title elementor-size-default\">SIERA Alliance - Engineering for a Better Tomorrow<\/h3>\t\t\t\t<\/div>\n\t\t\t\t<\/div>\n\t\t\t\t<\/div>\n\t\t<div class=\"elementor-element elementor-element-84ba40e e-con-full e-flex e-con e-parent\" data-id=\"84ba40e\" data-element_type=\"container\">\n\t\t\t\t<div class=\"elementor-element elementor-element-0efc77b section-title elementor-invisible elementor-widget elementor-widget-wd_text_block\" data-id=\"0efc77b\" data-element_type=\"widget\" data-settings=\"{&quot;_animation&quot;:&quot;fadeInUp&quot;}\" data-widget_type=\"wd_text_block.default\">\n\t\t\t\t<div class=\"elementor-widget-container\">\n\t\t\t\t\t\t\t<div class=\"wd-text-block reset-last-child text-left\">\n\t\t\t\n\t\t\t<h2 style=\"color: #38344d; text-align: center;\"><span class=\"boxfirst boxnormal\">O<\/span>ur <span class=\"color-primary\">Values<\/span><\/h2>\n\t\t\t\t\t<\/div>\n\t\t\t\t\t\t<\/div>\n\t\t\t\t<\/div>\n\t\t<div class=\"elementor-element elementor-element-84c0a21 e-con-full e-flex e-con e-child\" data-id=\"84c0a21\" data-element_type=\"container\">\n\t\t\t\t<div class=\"elementor-element elementor-element-d13ca8b elementor-widget__width-initial elementor-widget elementor-widget-icon-box\" data-id=\"d13ca8b\" data-element_type=\"widget\" data-widget_type=\"icon-box.default\">\n\t\t\t\t<div class=\"elementor-widget-container\">\n\t\t\t\t\t\t\t<div class=\"elementor-icon-box-wrapper\">\n\n\t\t\t\n\t\t\t\t\t\t<div class=\"elementor-icon-box-content\">\n\n\t\t\t\t\t\t\t\t\t<h3 class=\"elementor-icon-box-title\">\n\t\t\t\t\t\t<span  >\n\t\t\t\t\t\t\tIntegrity \t\t\t\t\t\t<\/span>\n\t\t\t\t\t<\/h3>\n\t\t\t\t\n\t\t\t\t\t\t\t\t\t<p class=\"elementor-icon-box-description\">\n\t\t\t\t\t\tEthical, honest and responsible behaviour in everything we do.\t\t\t\t\t<\/p>\n\t\t\t\t\n\t\t\t<\/div>\n\t\t\t\n\t\t<\/div>\n\t\t\t\t\t\t<\/div>\n\t\t\t\t<\/div>\n\t\t\t\t<div class=\"elementor-element elementor-element-e4e7056 elementor-widget__width-initial elementor-widget elementor-widget-icon-box\" data-id=\"e4e7056\" data-element_type=\"widget\" data-widget_type=\"icon-box.default\">\n\t\t\t\t<div class=\"elementor-widget-container\">\n\t\t\t\t\t\t\t<div class=\"elementor-icon-box-wrapper\">\n\n\t\t\t\n\t\t\t\t\t\t<div class=\"elementor-icon-box-content\">\n\n\t\t\t\t\t\t\t\t\t<h3 class=\"elementor-icon-box-title\">\n\t\t\t\t\t\t<span  >\n\t\t\t\t\t\t\tDiversity\t\t\t\t\t\t<\/span>\n\t\t\t\t\t<\/h3>\n\t\t\t\t\n\t\t\t\t\t\t\t\t\t<p class=\"elementor-icon-box-description\">\n\t\t\t\t\t\tPromoting an inclusive and fair working environment.\t\t\t\t\t<\/p>\n\t\t\t\t\n\t\t\t<\/div>\n\t\t\t\n\t\t<\/div>\n\t\t\t\t\t\t<\/div>\n\t\t\t\t<\/div>\n\t\t\t\t<div class=\"elementor-element elementor-element-69f40ab elementor-widget__width-initial elementor-widget elementor-widget-icon-box\" data-id=\"69f40ab\" data-element_type=\"widget\" data-widget_type=\"icon-box.default\">\n\t\t\t\t<div class=\"elementor-widget-container\">\n\t\t\t\t\t\t\t<div class=\"elementor-icon-box-wrapper\">\n\n\t\t\t\n\t\t\t\t\t\t<div class=\"elementor-icon-box-content\">\n\n\t\t\t\t\t\t\t\t\t<h3 class=\"elementor-icon-box-title\">\n\t\t\t\t\t\t<span  >\n\t\t\t\t\t\t\tCollaboration\t\t\t\t\t\t<\/span>\n\t\t\t\t\t<\/h3>\n\t\t\t\t\n\t\t\t\t\t\t\t\t\t<p class=\"elementor-icon-box-description\">\n\t\t\t\t\t\tSeamless working across teams, companies and partners.\t\t\t\t\t<\/p>\n\t\t\t\t\n\t\t\t<\/div>\n\t\t\t\n\t\t<\/div>\n\t\t\t\t\t\t<\/div>\n\t\t\t\t<\/div>\n\t\t\t\t<div class=\"elementor-element elementor-element-e9abc2c elementor-widget__width-initial elementor-widget elementor-widget-icon-box\" data-id=\"e9abc2c\" data-element_type=\"widget\" data-widget_type=\"icon-box.default\">\n\t\t\t\t<div class=\"elementor-widget-container\">\n\t\t\t\t\t\t\t<div class=\"elementor-icon-box-wrapper\">\n\n\t\t\t\n\t\t\t\t\t\t<div class=\"elementor-icon-box-content\">\n\n\t\t\t\t\t\t\t\t\t<h3 class=\"elementor-icon-box-title\">\n\t\t\t\t\t\t<span  >\n\t\t\t\t\t\t\tImplementation\t\t\t\t\t\t<\/span>\n\t\t\t\t\t<\/h3>\n\t\t\t\t\n\t\t\t\t\t\t\t\t\t<p class=\"elementor-icon-box-description\">\n\t\t\t\t\t\tPersonal responsibility and results-orientation strengthen our teams.\t\t\t\t\t<\/p>\n\t\t\t\t\n\t\t\t<\/div>\n\t\t\t\n\t\t<\/div>\n\t\t\t\t\t\t<\/div>\n\t\t\t\t<\/div>\n\t\t\t\t<div class=\"elementor-element elementor-element-12b85f2 elementor-widget__width-initial elementor-widget elementor-widget-icon-box\" data-id=\"12b85f2\" data-element_type=\"widget\" data-widget_type=\"icon-box.default\">\n\t\t\t\t<div class=\"elementor-widget-container\">\n\t\t\t\t\t\t\t<div class=\"elementor-icon-box-wrapper\">\n\n\t\t\t\n\t\t\t\t\t\t<div class=\"elementor-icon-box-content\">\n\n\t\t\t\t\t\t\t\t\t<h3 class=\"elementor-icon-box-title\">\n\t\t\t\t\t\t<span  >\n\t\t\t\t\t\t\tPerformance\t\t\t\t\t\t<\/span>\n\t\t\t\t\t<\/h3>\n\t\t\t\t\n\t\t\t\t\t\t\t\t\t<p class=\"elementor-icon-box-description\">\n\t\t\t\t\t\tRecognition of successes and continuous development.\t\t\t\t\t<\/p>\n\t\t\t\t\n\t\t\t<\/div>\n\t\t\t\n\t\t<\/div>\n\t\t\t\t\t\t<\/div>\n\t\t\t\t<\/div>\n\t\t\t\t<div class=\"elementor-element elementor-element-656bef3 elementor-widget__width-initial elementor-widget elementor-widget-icon-box\" data-id=\"656bef3\" data-element_type=\"widget\" data-widget_type=\"icon-box.default\">\n\t\t\t\t<div class=\"elementor-widget-container\">\n\t\t\t\t\t\t\t<div class=\"elementor-icon-box-wrapper\">\n\n\t\t\t\n\t\t\t\t\t\t<div class=\"elementor-icon-box-content\">\n\n\t\t\t\t\t\t\t\t\t<h3 class=\"elementor-icon-box-title\">\n\t\t\t\t\t\t<span  >\n\t\t\t\t\t\t\tRespect\t\t\t\t\t\t<\/span>\n\t\t\t\t\t<\/h3>\n\t\t\t\t\n\t\t\t\t\t\t\t\t\t<p class=\"elementor-icon-box-description\">\n\t\t\t\t\t\tAppreciation of people, nature and society.\t\t\t\t\t<\/p>\n\t\t\t\t\n\t\t\t<\/div>\n\t\t\t\n\t\t<\/div>\n\t\t\t\t\t\t<\/div>\n\t\t\t\t<\/div>\n\t\t\t\t<div class=\"elementor-element elementor-element-4af4d47 elementor-widget__width-initial elementor-widget elementor-widget-icon-box\" data-id=\"4af4d47\" data-element_type=\"widget\" data-widget_type=\"icon-box.default\">\n\t\t\t\t<div class=\"elementor-widget-container\">\n\t\t\t\t\t\t\t<div class=\"elementor-icon-box-wrapper\">\n\n\t\t\t\n\t\t\t\t\t\t<div class=\"elementor-icon-box-content\">\n\n\t\t\t\t\t\t\t\t\t<h3 class=\"elementor-icon-box-title\">\n\t\t\t\t\t\t<span  >\n\t\t\t\t\t\t\tAgility\t\t\t\t\t\t<\/span>\n\t\t\t\t\t<\/h3>\n\t\t\t\t\n\t\t\t\t\t\t\t\t\t<p class=\"elementor-icon-box-description\">\n\t\t\t\t\t\tRapid adaptability with customer-centred, efficient processes.\t\t\t\t\t<\/p>\n\t\t\t\t\n\t\t\t<\/div>\n\t\t\t\n\t\t<\/div>\n\t\t\t\t\t\t<\/div>\n\t\t\t\t<\/div>\n\t\t\t\t<div class=\"elementor-element elementor-element-3035403 elementor-widget__width-initial elementor-widget elementor-widget-icon-box\" data-id=\"3035403\" data-element_type=\"widget\" data-widget_type=\"icon-box.default\">\n\t\t\t\t<div class=\"elementor-widget-container\">\n\t\t\t\t\t\t\t<div class=\"elementor-icon-box-wrapper\">\n\n\t\t\t\n\t\t\t\t\t\t<div class=\"elementor-icon-box-content\">\n\n\t\t\t\t\t\t\t\t\t<h3 class=\"elementor-icon-box-title\">\n\t\t\t\t\t\t<span  >\n\t\t\t\t\t\t\tInnovation\t\t\t\t\t\t<\/span>\n\t\t\t\t\t<\/h3>\n\t\t\t\t\n\t\t\t\t\t\t\t\t\t<p class=\"elementor-icon-box-description\">\n\t\t\t\t\t\tPioneering work in engineering methods, technologies and services.\t\t\t\t\t<\/p>\n\t\t\t\t\n\t\t\t<\/div>\n\t\t\t\n\t\t<\/div>\n\t\t\t\t\t\t<\/div>\n\t\t\t\t<\/div>\n\t\t\t\t<\/div>\n\t\t\t\t<\/div>\n\t\t<div class=\"elementor-element elementor-element-361db49 e-con-full e-flex e-con e-parent\" data-id=\"361db49\" data-element_type=\"container\">\n\t\t<div class=\"elementor-element elementor-element-3617dc9 e-con-full e-flex e-con e-child\" data-id=\"3617dc9\" data-element_type=\"container\" data-settings=\"{&quot;background_background&quot;:&quot;classic&quot;}\">\n\t\t\t\t<div class=\"elementor-element elementor-element-81808d0 elementor-widget elementor-widget-heading\" data-id=\"81808d0\" data-element_type=\"widget\" data-widget_type=\"heading.default\">\n\t\t\t\t<div class=\"elementor-widget-container\">\n\t\t\t\t\t<h3 class=\"elementor-heading-title elementor-size-default\">Vision<\/h3>\t\t\t\t<\/div>\n\t\t\t\t<\/div>\n\t\t\t\t<div class=\"elementor-element elementor-element-71e90f8 color-scheme-inherit text-left elementor-widget elementor-widget-text-editor\" data-id=\"71e90f8\" data-element_type=\"widget\" data-widget_type=\"text-editor.default\">\n\t\t\t\t<div class=\"elementor-widget-container\">\n\t\t\t\t\t\t\t\t\tDie SIERA Alliance stellt sich eine Zukunft vor, in der nachhaltige L\u00f6sungen von Innovation, Verantwortung und Zusammenarbeit getragen werden. Gemeinsam gehen wir globale Herausforderungen an und schaffen dauerhafte positive Ver\u00e4nderungen durch eine gemeinsame Vision \u2013 die Wiederherstellung des Gleichgewichts zwischen Natur, Gesellschaft und Technologie f\u00fcr eine widerstandsf\u00e4hige und nachhaltige Zukunft, immer getreu dem Motto \u201eEngineering for a Better Tomorrow\u201c.\t\t\t\t\t\t\t\t<\/div>\n\t\t\t\t<\/div>\n\t\t\t\t<\/div>\n\t\t<div class=\"elementor-element elementor-element-c901127 e-con-full e-flex e-con e-child\" data-id=\"c901127\" data-element_type=\"container\" data-settings=\"{&quot;background_background&quot;:&quot;classic&quot;}\">\n\t\t\t\t<div class=\"elementor-element elementor-element-dcaee0c elementor-widget elementor-widget-heading\" data-id=\"dcaee0c\" data-element_type=\"widget\" data-widget_type=\"heading.default\">\n\t\t\t\t<div class=\"elementor-widget-container\">\n\t\t\t\t\t<h3 class=\"elementor-heading-title elementor-size-default\">Auftrag<\/h3>\t\t\t\t<\/div>\n\t\t\t\t<\/div>\n\t\t\t\t<div class=\"elementor-element elementor-element-b7bdfb4 color-scheme-inherit text-left elementor-widget elementor-widget-text-editor\" data-id=\"b7bdfb4\" data-element_type=\"widget\" data-widget_type=\"text-editor.default\">\n\t\t\t\t<div class=\"elementor-widget-container\">\n\t\t\t\t\t\t\t\t\tDie SIERA Alliance ist ein Zusammenschluss zukunftsorientierter Umwelttechnikunternehmen, die sich f\u00fcr transformative Umweltl\u00f6sungen zur Bek\u00e4mpfung des Klimawandels, der Umweltzerst\u00f6rung und der sozio\u00f6konomischen Ungleichheit einsetzen. Mit unserem gemeinsamen Engagement f\u00fcr Innovation und Nachhaltigkeit arbeiten wir zusammen, um Unternehmen und Gemeinschaften zu st\u00e4rken und eine bessere, nachhaltigere Zukunft f\u00fcr alle zu f\u00f6rdern, immer getreu dem Motto \u201eEngineering for a Better Tomorrow\u201c.\t\t\t\t\t\t\t\t<\/div>\n\t\t\t\t<\/div>\n\t\t\t\t<\/div>\n\t\t\t\t<\/div>\n\t\t\t\t<\/div>","protected":false},"excerpt":{"rendered":"<p>\u00dcber SIERA Alliance SIERA Alliance ist ein Zusammenschluss f\u00fchrender Unternehmen, die auf Umweltingenieurwesen spezialisiert sind. Gemeinsam setzen wir uns daf\u00fcr<\/p>","protected":false},"author":30,"featured_media":0,"parent":0,"menu_order":0,"comment_status":"closed","ping_status":"closed","template":"elementor_header_footer","meta":{"footnotes":""},"class_list":["post-21845","page","type-page","status-publish","hentry"],"aioseo_notices":[],"_links":{"self":[{"href":"https:\/\/mup-project.com\/en\/wp-json\/wp\/v2\/pages\/21845","targetHints":{"allow":["GET"]}}],"collection":[{"href":"https:\/\/mup-project.com\/en\/wp-json\/wp\/v2\/pages"}],"about":[{"href":"https:\/\/mup-project.com\/en\/wp-json\/wp\/v2\/types\/page"}],"author":[{"embeddable":true,"href":"https:\/\/mup-project.com\/en\/wp-json\/wp\/v2\/users\/30"}],"replies":[{"embeddable":true,"href":"https:\/\/mup-project.com\/en\/wp-json\/wp\/v2\/comments?post=21845"}],"version-history":[{"count":19,"href":"https:\/\/mup-project.com\/en\/wp-json\/wp\/v2\/pages\/21845\/revisions"}],"predecessor-version":[{"id":21873,"href":"https:\/\/mup-project.com\/en\/wp-json\/wp\/v2\/pages\/21845\/revisions\/21873"}],"wp:attachment":[{"href":"https:\/\/mup-project.com\/en\/wp-json\/wp\/v2\/media?parent=21845"}],"curies":[{"name":"wp","href":"https:\/\/api.w.org\/{rel}","templated":true}]}}